{"id":300,"date":"2021-12-10T13:12:13","date_gmt":"2021-12-10T13:12:13","guid":{"rendered":"https:\/\/herr.qodeinteractive.com\/?page_id=300"},"modified":"2021-12-10T13:12:13","modified_gmt":"2021-12-10T13:12:13","slug":"get-in-touch","status":"publish","type":"page","link":"https:\/\/polyface.cloud\/index.php\/get-in-touch\/","title":{"rendered":"Get In Touch"},"content":{"rendered":"\t\t<div data-elementor-type=\"wp-page\" data-elementor-id=\"300\" class=\"elementor elementor-300\">\n\t\t\t\t\t\t\t\t\t<section class=\"elementor-section elementor-top-section elementor-element elementor-element-4c836ba elementor-section-full_width qodef-elementor-content-grid elementor-section-height-default elementor-section-height-default\" data-id=\"4c836ba\" data-element_type=\"section\">\n\t\t\t\t\t\t<div class=\"elementor-container elementor-column-gap-default\">\n\t\t\t\t\t<div class=\"elementor-column elementor-col-33 elementor-top-column elementor-element elementor-element-0b5ed36\" data-id=\"0b5ed36\" data-element_type=\"column\">\n\t\t\t<div class=\"elementor-widget-wrap elementor-element-populated\">\n\t\t\t\t\t\t\t\t<div class=\"elementor-element elementor-element-325a69c elementor-widget elementor-widget-herr_core_custom_font\" data-id=\"325a69c\" data-element_type=\"widget\" data-widget_type=\"herr_core_custom_font.default\">\n\t\t\t\t<div class=\"elementor-widget-container\">\n\t\t\t<p class=\"qodef-shortcode qodef-m  qodef-custom-font qodef-custom-font-929 qodef-layout--simple\"><span class=\"qodef-e-inner\" style=\"color: #B8F64F;background-color: #000000;font-family: Syne;font-size: 14px;line-height: 17px;font-weight: 800;text-transform: uppercase;padding: 2px 6px\" >Tokyo<\/span> <\/p>\n\t\t<\/div>\n\t\t\t\t<\/div>\n\t\t\t\t<div class=\"elementor-element elementor-element-144ff86 elementor-widget elementor-widget-text-editor\" data-id=\"144ff86\" data-element_type=\"widget\" data-widget_type=\"text-editor.default\">\n\t\t\t\t<div class=\"elementor-widget-container\">\n\t\t\t<style>\/*! elementor - v3.15.0 - 31-07-2023 *\/\n.elementor-widget-text-editor.elementor-drop-cap-view-stacked .elementor-drop-cap{background-color:#69727d;color:#fff}.elementor-widget-text-editor.elementor-drop-cap-view-framed .elementor-drop-cap{color:#69727d;border:3px solid;background-color:transparent}.elementor-widget-text-editor:not(.elementor-drop-cap-view-default) .elementor-drop-cap{margin-top:8px}.elementor-widget-text-editor:not(.elementor-drop-cap-view-default) .elementor-drop-cap-letter{width:1em;height:1em}.elementor-widget-text-editor .elementor-drop-cap{float:left;text-align:center;line-height:1;font-size:50px}.elementor-widget-text-editor .elementor-drop-cap-letter{display:inline-block}<\/style>\t\t\t\t<p style=\"font-size: 18px;\"><a href=\"https:\/\/www.google.com\/maps\/place\/Wakaba,+Shinjuku+City,+Tokyo+160-0011,+Japan\/@35.6840477,139.7226986,17z\/data=!3m1!4b1!4m13!1m7!3m6!1s0x60188b857628235d:0xcdd8aef709a2b520!2sTokyo,+Japan!3b1!8m2!3d35.6803997!4d139.7690174!3m4!1s0x60188c8c30bf3403:0x25f8339af081f45b!8m2!3d35.6843475!4d139.7262455\" target=\"_blank\" rel=\"noopener\">Wakaba\nShinjuku City,<br>\nTokyo 160-0011<\/a><\/p>\n<p style=\"margin-top: -3px; font-size:18px;\"><a href=\"mailto:herr@example.com\"> herr@example.com<\/a><\/p>\n<p style=\"margin-top: 3px; font-size: 18px;\"><a href=\"tel:21234567899\">(2)123-456-7899<\/a><\/p>\t\t\t\t\t\t<\/div>\n\t\t\t\t<\/div>\n\t\t\t\t<div class=\"elementor-element elementor-element-b58c8c8 elementor-widget elementor-widget-herr_core_custom_font\" data-id=\"b58c8c8\" data-element_type=\"widget\" data-widget_type=\"herr_core_custom_font.default\">\n\t\t\t\t<div class=\"elementor-widget-container\">\n\t\t\t<p class=\"qodef-shortcode qodef-m  qodef-custom-font qodef-custom-font-577 qodef-layout--simple\"><span class=\"qodef-e-inner\" style=\"color: #B8F64F;background-color: #000000;font-family: Syne;font-size: 14px;line-height: 17px;font-weight: 800;text-transform: uppercase;padding: 2px 6px\" >Sweden<\/span> <\/p>\n\t\t<\/div>\n\t\t\t\t<\/div>\n\t\t\t\t<div class=\"elementor-element elementor-element-ac9f658 elementor-widget elementor-widget-text-editor\" data-id=\"ac9f658\" data-element_type=\"widget\" data-widget_type=\"text-editor.default\">\n\t\t\t\t<div class=\"elementor-widget-container\">\n\t\t\t\t\t\t\t<p style=\"font-size: 18px;\"><a href=\"https:\/\/www.google.com\/maps\/search\/Fishermans+IsV%C3%A4stra+Kanalgatan+5+211+42+Malm%C3%B6land\/@55.7248207,11.3282902,7z\" target=\"_blank\" rel=\"noopener\">V\u00e4stra Kanalgatan<br>\n5\n211 42 Malm\u00f6<\/a><\/p>\n<p style=\"font-size:18px; margin-top:-3px;\"><a href=\"mailto:herr@example.com\"> herr@example.com<\/a><\/p>\n<p style=\"margin-top: 3px; font-size: 18px;\"><a href=\"tel:21234567899\">(2)123-456-7899<\/a><\/p>\t\t\t\t\t\t<\/div>\n\t\t\t\t<\/div>\n\t\t\t\t\t<\/div>\n\t\t<\/div>\n\t\t\t\t<div class=\"elementor-column elementor-col-33 elementor-top-column elementor-element elementor-element-646aea0\" data-id=\"646aea0\" data-element_type=\"column\">\n\t\t\t<div class=\"elementor-widget-wrap elementor-element-populated\">\n\t\t\t\t\t\t\t\t<div class=\"elementor-element elementor-element-2d6ebd8 elementor-widget elementor-widget-herr_core_custom_font\" data-id=\"2d6ebd8\" data-element_type=\"widget\" data-widget_type=\"herr_core_custom_font.default\">\n\t\t\t\t<div class=\"elementor-widget-container\">\n\t\t\t<p class=\"qodef-shortcode qodef-m  qodef-custom-font qodef-custom-font-140 qodef-layout--simple\"><span class=\"qodef-e-inner\" style=\"color: #B8F64F;background-color: #000000;font-family: Syne;font-size: 14px;line-height: 17px;font-weight: 800;text-transform: uppercase;padding: 2px 6px\" >Sweden<\/span> <\/p>\n\t\t<\/div>\n\t\t\t\t<\/div>\n\t\t\t\t<div class=\"elementor-element elementor-element-6a812b7 elementor-widget elementor-widget-text-editor\" data-id=\"6a812b7\" data-element_type=\"widget\" data-widget_type=\"text-editor.default\">\n\t\t\t\t<div class=\"elementor-widget-container\">\n\t\t\t\t\t\t\t<p style=\"font-size: 18px;\"><a href=\"https:\/\/www.google.com\/maps\/search\/Fishermans+IsV%C3%A4stra+Kanalgatan+5+211+42+Malm%C3%B6land\/@55.7248207,11.3282902,7z\" target=\"_blank\" rel=\"noopener\">V\u00e4stra Kanalgatan<br>\n5\n211 42 Malm\u00f6<\/a><\/p>\n<p style=\"font-size:18px; margin-top:-3px;\"><a href=\"mailto:herr@example.com\"> herr@example.com<\/a><\/p>\n<p style=\"margin-top: 3px; font-size: 18px;\"><a href=\"tel:21234567899\">(2)123-456-7899<\/a><\/p>\t\t\t\t\t\t<\/div>\n\t\t\t\t<\/div>\n\t\t\t\t<div class=\"elementor-element elementor-element-150ae3e elementor-widget elementor-widget-herr_core_custom_font\" data-id=\"150ae3e\" data-element_type=\"widget\" data-widget_type=\"herr_core_custom_font.default\">\n\t\t\t\t<div class=\"elementor-widget-container\">\n\t\t\t<p class=\"qodef-shortcode qodef-m  qodef-custom-font qodef-custom-font-483 qodef-layout--simple\"><span class=\"qodef-e-inner\" style=\"color: #B8F64F;background-color: #000000;font-family: Syne;font-size: 14px;line-height: 17px;font-weight: 800;text-transform: uppercase;padding: 2px 6px\" >Tokyo<\/span> <\/p>\n\t\t<\/div>\n\t\t\t\t<\/div>\n\t\t\t\t<div class=\"elementor-element elementor-element-dcaf01f elementor-widget elementor-widget-text-editor\" data-id=\"dcaf01f\" data-element_type=\"widget\" data-widget_type=\"text-editor.default\">\n\t\t\t\t<div class=\"elementor-widget-container\">\n\t\t\t\t\t\t\t<p style=\"font-size: 18px;\"><a href=\"https:\/\/www.google.com\/maps\/place\/Wakaba,+Shinjuku+City,+Tokyo+160-0011,+Japan\/@35.6840477,139.7226986,17z\/data=!3m1!4b1!4m13!1m7!3m6!1s0x60188b857628235d:0xcdd8aef709a2b520!2sTokyo,+Japan!3b1!8m2!3d35.6803997!4d139.7690174!3m4!1s0x60188c8c30bf3403:0x25f8339af081f45b!8m2!3d35.6843475!4d139.7262455\" target=\"_blank\" rel=\"noopener\">Wakaba\nShinjuku City,<br>\nTokyo 160-0011<\/a><\/p>\n<p style=\"margin-top: -3px; font-size: 18px;\"><a href=\"mailto:herr@example.com\"> herr@example.com<\/a><\/p>\n<p style=\"margin-top: 3px; font-size: 18px;\"><a href=\"tel:21234567899\">(2)123-456-7899<\/a><\/p>\t\t\t\t\t\t<\/div>\n\t\t\t\t<\/div>\n\t\t\t\t\t<\/div>\n\t\t<\/div>\n\t\t\t\t<div class=\"elementor-column elementor-col-33 elementor-top-column elementor-element elementor-element-86d6025\" data-id=\"86d6025\" data-element_type=\"column\">\n\t\t\t<div class=\"elementor-widget-wrap elementor-element-populated\">\n\t\t\t\t\t\t\t\t<div class=\"elementor-element elementor-element-4240e85 elementor-widget__width-auto elementor-widget elementor-widget-wp-widget-herr_core_contact_form_7\" data-id=\"4240e85\" data-element_type=\"widget\" data-widget_type=\"wp-widget-herr_core_contact_form_7.default\">\n\t\t\t\t<div class=\"elementor-widget-container\">\n\t\t\t\n            \t\t\t<div class=\"qodef-contact-form-7 \" >\n                                \t\t\t<\/div>\n\t\t\t\t\t<\/div>\n\t\t\t\t<\/div>\n\t\t\t\t<div class=\"elementor-element elementor-element-bd594e5 elementor-widget elementor-widget-wp-widget-herr_core_contact_form_7\" data-id=\"bd594e5\" data-element_type=\"widget\" data-widget_type=\"wp-widget-herr_core_contact_form_7.default\">\n\t\t\t\t<div class=\"elementor-widget-container\">\n\t\t\t\n            \t\t\t<div class=\"qodef-contact-form-7 qodef-skin--dark\" >\n                                <p class=\"wpcf7-contact-form-not-found\"><strong>Error:<\/strong> Contact form not found.<\/p>\t\t\t<\/div>\n\t\t\t\t\t<\/div>\n\t\t\t\t<\/div>\n\t\t\t\t\t<\/div>\n\t\t<\/div>\n\t\t\t\t\t\t\t<\/div>\n\t\t<\/section>\n\t\t\t\t<section class=\"elementor-section elementor-top-section elementor-element elementor-element-7f307db elementor-section-full_width elementor-section-height-default elementor-section-height-default qodef-elementor-content-no\" data-id=\"7f307db\" data-element_type=\"section\">\n\t\t\t\t\t\t<div class=\"elementor-container elementor-column-gap-default\">\n\t\t\t\t\t<div class=\"elementor-column elementor-col-100 elementor-top-column elementor-element elementor-element-757702b\" data-id=\"757702b\" data-element_type=\"column\">\n\t\t\t<div class=\"elementor-widget-wrap elementor-element-populated\">\n\t\t\t\t\t\t\t\t<div class=\"elementor-element elementor-element-c10cd54 elementor-widget elementor-widget-herr_core_single_image\" data-id=\"c10cd54\" data-element_type=\"widget\" data-widget_type=\"herr_core_single_image.default\">\n\t\t\t\t<div class=\"elementor-widget-container\">\n\t\t\t<div class=\"qodef-shortcode qodef-m  qodef-single-image qodef-layout--default  \">\n\t\t<div class=\"qodef-m-image\">\n\t\t\t\t\t<img width=\"1920\" height=\"490\" src=\"https:\/\/polyface.cloud\/wp-content\/uploads\/2021\/12\/inner-map-img.jpg\" class=\"attachment-full size-full\" alt=\"j\" decoding=\"async\" loading=\"lazy\" srcset=\"https:\/\/polyface.cloud\/wp-content\/uploads\/2021\/12\/inner-map-img.jpg 1920w, https:\/\/polyface.cloud\/wp-content\/uploads\/2021\/12\/inner-map-img-300x77.jpg 300w, https:\/\/polyface.cloud\/wp-content\/uploads\/2021\/12\/inner-map-img-1024x261.jpg 1024w, https:\/\/polyface.cloud\/wp-content\/uploads\/2021\/12\/inner-map-img-768x196.jpg 768w, https:\/\/polyface.cloud\/wp-content\/uploads\/2021\/12\/inner-map-img-1536x392.jpg 1536w, https:\/\/polyface.cloud\/wp-content\/uploads\/2021\/12\/inner-map-img-600x153.jpg 600w\" sizes=\"(max-width: 1920px) 100vw, 1920px\" \/>\t\t\t<\/div>\n\n<\/div>\n\t\t<\/div>\n\t\t\t\t<\/div>\n\t\t\t\t\t<\/div>\n\t\t<\/div>\n\t\t\t\t\t\t\t<\/div>\n\t\t<\/section>\n\t\t\t\t\t\t\t<\/div>\n\t\t","protected":false},"excerpt":{"rendered":"<p>Tokyo Wakaba Shinjuku City, Tokyo 160-0011 herr@example.com (2)123-456-7899 Sweden V\u00e4stra Kanalgatan 5 211 42 Malm\u00f6 herr@example.com (2)123-456-7899 Sweden V\u00e4stra Kanalgatan 5 211 42 Malm\u00f6 herr@example.com (2)123-456-7899 Tokyo Wakaba Shinjuku City, Tokyo 160-0011 herr@example.com (2)123-456-7899<\/p>\n","protected":false},"author":1,"featured_media":0,"parent":0,"menu_order":0,"comment_status":"closed","ping_status":"closed","template":"page-full-width.php","meta":[],"_links":{"self":[{"href":"https:\/\/polyface.cloud\/index.php\/wp-json\/wp\/v2\/pages\/300"}],"collection":[{"href":"https:\/\/polyface.cloud\/index.php\/wp-json\/wp\/v2\/pages"}],"about":[{"href":"https:\/\/polyface.cloud\/index.php\/wp-json\/wp\/v2\/types\/page"}],"author":[{"embeddable":true,"href":"https:\/\/polyface.cloud\/index.php\/wp-json\/wp\/v2\/users\/1"}],"replies":[{"embeddable":true,"href":"https:\/\/polyface.cloud\/index.php\/wp-json\/wp\/v2\/comments?post=300"}],"version-history":[{"count":0,"href":"https:\/\/polyface.cloud\/index.php\/wp-json\/wp\/v2\/pages\/300\/revisions"}],"wp:attachment":[{"href":"https:\/\/polyface.cloud\/index.php\/wp-json\/wp\/v2\/media?parent=300"}],"curies":[{"name":"wp","href":"https:\/\/api.w.org\/{rel}","templated":true}]}}